{"id":2037,"date":"2020-05-30T18:59:49","date_gmt":"2020-05-31T18:14:08","guid":{"rendered":"https:\/\/www.shoptropicaledge.com\/?post_type=product&#038;p=2037"},"modified":"2021-09-17T14:28:41","modified_gmt":"2021-09-17T19:28:41","slug":"panamenita-vida-mia","status":"publish","type":"product","link":"https:\/\/www.shoptropicaledge.com\/en\/producto\/panamenita-vida-mia\/","title":{"rendered":"Paname\u00f1ita Vida M\u00eda"},"content":{"rendered":"<p>The Paname\u00f1ita Vida M\u00eda are our beloved hibiscus hoops earrings, with gold plating, and a center of crystals.<\/p>\n<p>They measure approximately 6.5 cm.<\/p>\n<p>Production time \u2022 7 business days<\/p>\n<p><em><strong>* You can order it in the color you want. Contact us at info@shoptropicaledge.com for any query or customization request.<\/strong><\/em><\/p>\n<p><em>When you buy something Handmade, you are buying much more than an object, you are buying something Made with Love.<\/em><\/p>\n<p>&nbsp;<\/p>\n<p>&nbsp;<\/p>\n","protected":false},"excerpt":{"rendered":"<p>The Paname\u00f1ita Vida M\u00eda are our beloved hibiscus hoops earrings, with gold plating, and a center of crystals. They measure approximately 6.5 cm. Production time \u2022 7 business days * You can order it in the color you want. Contact us at info@shoptropicaledge.com for any query or customization request. When you buy something Handmade, you [&#8230;]\n","protected":false},"featured_media":4297,"comment_status":"open","ping_status":"closed","template":"","meta":{"_monsterinsights_skip_tracking":false,"_monsterinsights_sitenote_active":false,"_monsterinsights_sitenote_note":"","_monsterinsights_sitenote_category":0},"product_brand":[],"product_cat":[59,440],"product_tag":[468,415,409],"class_list":{"0":"post-2037","1":"product","2":"type-product","3":"status-publish","4":"has-post-thumbnail","6":"product_cat-accessories","7":"product_cat-earrings","8":"product_tag-accessories","9":"product_tag-earring","10":"product_tag-empapelarte-en","12":"first","13":"instock","14":"shipping-taxable","15":"purchasable","16":"product-type-variable"},"yoast_head":"<!-- This site is optimized with the Yoast SEO plugin v27.2 - https:\/\/yoast.com\/product\/yoast-seo-wordpress\/ -->\n<title>Hoops Paname\u00f1ita Vida M\u00eda \u2022 Earrings &#8226; Shop Tropical Edge<\/title>\n<meta name=\"description\" content=\"The Paname\u00f1ita Vida M\u00eda hoops are inspired in our beloved hibiscus, turned into rings, with gold plating, and a center of crystals.\" \/>\n<meta name=\"robots\" content=\"index, follow, max-snippet:-1, max-image-preview:large, max-video-preview:-1\" \/>\n<link rel=\"canonical\" href=\"https:\/\/www.shoptropicaledge.com\/en\/producto\/panamenita-vida-mia\/\" \/>\n<meta property=\"og:locale\" content=\"en_US\" \/>\n<meta property=\"og:type\" content=\"article\" \/>\n<meta property=\"og:title\" content=\"Hoops Paname\u00f1ita Vida M\u00eda \u2022 Earrings &#8226; Shop Tropical Edge\" \/>\n<meta property=\"og:description\" content=\"The Paname\u00f1ita Vida M\u00eda hoops are inspired in our beloved hibiscus, turned into rings, with gold plating, and a center of crystals.\" \/>\n<meta property=\"og:url\" content=\"https:\/\/www.shoptropicaledge.com\/en\/producto\/panamenita-vida-mia\/\" \/>\n<meta property=\"og:site_name\" content=\"Shop Tropical Edge\" \/>\n<meta property=\"article:publisher\" content=\"https:\/\/facebook.com\/shoptropicaledge\" \/>\n<meta property=\"article:modified_time\" content=\"2021-09-17T19:28:41+00:00\" \/>\n<meta property=\"og:image\" content=\"https:\/\/www.shoptropicaledge.com\/wp-content\/uploads\/2020\/05\/DE0F24A4-371B-4248-8EFC-14EDA4FAD7CD.jpeg\" \/>\n\t<meta property=\"og:image:width\" content=\"1200\" \/>\n\t<meta property=\"og:image:height\" content=\"1238\" \/>\n\t<meta property=\"og:image:type\" content=\"image\/jpeg\" \/>\n<meta name=\"twitter:card\" content=\"summary_large_image\" \/>\n<meta name=\"twitter:label1\" content=\"Est. reading time\" \/>\n\t<meta name=\"twitter:data1\" content=\"1 minute\" \/>\n<script type=\"application\/ld+json\" class=\"yoast-schema-graph\">{\"@context\":\"https:\/\/schema.org\",\"@graph\":[{\"@type\":\"WebPage\",\"@id\":\"https:\/\/www.shoptropicaledge.com\/en\/producto\/panamenita-vida-mia\/\",\"url\":\"https:\/\/www.shoptropicaledge.com\/en\/producto\/panamenita-vida-mia\/\",\"name\":\"Hoops Paname\u00f1ita Vida M\u00eda \u2022 Earrings &#8226; Shop Tropical Edge\",\"isPartOf\":{\"@id\":\"https:\/\/www.shoptropicaledge.com\/#website\"},\"primaryImageOfPage\":{\"@id\":\"https:\/\/www.shoptropicaledge.com\/en\/producto\/panamenita-vida-mia\/#primaryimage\"},\"image\":{\"@id\":\"https:\/\/www.shoptropicaledge.com\/en\/producto\/panamenita-vida-mia\/#primaryimage\"},\"thumbnailUrl\":\"https:\/\/www.shoptropicaledge.com\/wp-content\/uploads\/2020\/05\/DE0F24A4-371B-4248-8EFC-14EDA4FAD7CD.jpeg\",\"datePublished\":\"2020-05-31T18:14:08+00:00\",\"dateModified\":\"2021-09-17T19:28:41+00:00\",\"description\":\"The Paname\u00f1ita Vida M\u00eda hoops are inspired in our beloved hibiscus, turned into rings, with gold plating, and a center of crystals.\",\"breadcrumb\":{\"@id\":\"https:\/\/www.shoptropicaledge.com\/en\/producto\/panamenita-vida-mia\/#breadcrumb\"},\"inLanguage\":\"en-US\",\"potentialAction\":[{\"@type\":\"ReadAction\",\"target\":[\"https:\/\/www.shoptropicaledge.com\/en\/producto\/panamenita-vida-mia\/\"]}]},{\"@type\":\"ImageObject\",\"inLanguage\":\"en-US\",\"@id\":\"https:\/\/www.shoptropicaledge.com\/en\/producto\/panamenita-vida-mia\/#primaryimage\",\"url\":\"https:\/\/www.shoptropicaledge.com\/wp-content\/uploads\/2020\/05\/DE0F24A4-371B-4248-8EFC-14EDA4FAD7CD.jpeg\",\"contentUrl\":\"https:\/\/www.shoptropicaledge.com\/wp-content\/uploads\/2020\/05\/DE0F24A4-371B-4248-8EFC-14EDA4FAD7CD.jpeg\",\"width\":1200,\"height\":1238,\"caption\":\"Aretes - Argollas - Hoop Earrings - Paname\u00f1ita Vida M\u00eda - Empapelarte - Lila\"},{\"@type\":\"BreadcrumbList\",\"@id\":\"https:\/\/www.shoptropicaledge.com\/en\/producto\/panamenita-vida-mia\/#breadcrumb\",\"itemListElement\":[{\"@type\":\"ListItem\",\"position\":1,\"name\":\"Portada\",\"item\":\"https:\/\/www.shoptropicaledge.com\/\"},{\"@type\":\"ListItem\",\"position\":2,\"name\":\"Shop\",\"item\":\"https:\/\/www.shoptropicaledge.com\/shop\/\"},{\"@type\":\"ListItem\",\"position\":3,\"name\":\"Paname\u00f1ita Vida M\u00eda\"}]},{\"@type\":\"WebSite\",\"@id\":\"https:\/\/www.shoptropicaledge.com\/#website\",\"url\":\"https:\/\/www.shoptropicaledge.com\/\",\"name\":\"Shop Tropical Edge\",\"description\":\"Shop Tropical Edge\",\"publisher\":{\"@id\":\"https:\/\/www.shoptropicaledge.com\/#organization\"},\"potentialAction\":[{\"@type\":\"SearchAction\",\"target\":{\"@type\":\"EntryPoint\",\"urlTemplate\":\"https:\/\/www.shoptropicaledge.com\/?s={search_term_string}\"},\"query-input\":{\"@type\":\"PropertyValueSpecification\",\"valueRequired\":true,\"valueName\":\"search_term_string\"}}],\"inLanguage\":\"en-US\"},{\"@type\":\"Organization\",\"@id\":\"https:\/\/www.shoptropicaledge.com\/#organization\",\"name\":\"Shop Tropical Edge\",\"url\":\"https:\/\/www.shoptropicaledge.com\/\",\"logo\":{\"@type\":\"ImageObject\",\"inLanguage\":\"en-US\",\"@id\":\"https:\/\/www.shoptropicaledge.com\/#\/schema\/logo\/image\/\",\"url\":\"https:\/\/www.shoptropicaledge.com\/wp-content\/uploads\/2021\/04\/60742238_407412220102023_6484826139314356224_n.png\",\"contentUrl\":\"https:\/\/www.shoptropicaledge.com\/wp-content\/uploads\/2021\/04\/60742238_407412220102023_6484826139314356224_n.png\",\"width\":526,\"height\":646,\"caption\":\"Shop Tropical Edge\"},\"image\":{\"@id\":\"https:\/\/www.shoptropicaledge.com\/#\/schema\/logo\/image\/\"},\"sameAs\":[\"https:\/\/facebook.com\/shoptropicaledge\",\"http:\/\/instagram.com\/shoptropicaledge\/\",\"http:\/\/pinterest.com\/shoptropicaledge\/\"]}]}<\/script>\n<!-- \/ Yoast SEO plugin. -->","yoast_head_json":{"title":"Hoops Paname\u00f1ita Vida M\u00eda \u2022 Earrings &#8226; Shop Tropical Edge","description":"The Paname\u00f1ita Vida M\u00eda hoops are inspired in our beloved hibiscus, turned into rings, with gold plating, and a center of crystals.","robots":{"index":"index","follow":"follow","max-snippet":"max-snippet:-1","max-image-preview":"max-image-preview:large","max-video-preview":"max-video-preview:-1"},"canonical":"https:\/\/www.shoptropicaledge.com\/en\/producto\/panamenita-vida-mia\/","og_locale":"en_US","og_type":"article","og_title":"Hoops Paname\u00f1ita Vida M\u00eda \u2022 Earrings &#8226; Shop Tropical Edge","og_description":"The Paname\u00f1ita Vida M\u00eda hoops are inspired in our beloved hibiscus, turned into rings, with gold plating, and a center of crystals.","og_url":"https:\/\/www.shoptropicaledge.com\/en\/producto\/panamenita-vida-mia\/","og_site_name":"Shop Tropical Edge","article_publisher":"https:\/\/facebook.com\/shoptropicaledge","article_modified_time":"2021-09-17T19:28:41+00:00","og_image":[{"width":1200,"height":1238,"url":"https:\/\/www.shoptropicaledge.com\/wp-content\/uploads\/2020\/05\/DE0F24A4-371B-4248-8EFC-14EDA4FAD7CD.jpeg","type":"image\/jpeg"}],"twitter_card":"summary_large_image","twitter_misc":{"Est. reading time":"1 minute"},"schema":{"@context":"https:\/\/schema.org","@graph":[{"@type":"WebPage","@id":"https:\/\/www.shoptropicaledge.com\/en\/producto\/panamenita-vida-mia\/","url":"https:\/\/www.shoptropicaledge.com\/en\/producto\/panamenita-vida-mia\/","name":"Hoops Paname\u00f1ita Vida M\u00eda \u2022 Earrings &#8226; Shop Tropical Edge","isPartOf":{"@id":"https:\/\/www.shoptropicaledge.com\/#website"},"primaryImageOfPage":{"@id":"https:\/\/www.shoptropicaledge.com\/en\/producto\/panamenita-vida-mia\/#primaryimage"},"image":{"@id":"https:\/\/www.shoptropicaledge.com\/en\/producto\/panamenita-vida-mia\/#primaryimage"},"thumbnailUrl":"https:\/\/www.shoptropicaledge.com\/wp-content\/uploads\/2020\/05\/DE0F24A4-371B-4248-8EFC-14EDA4FAD7CD.jpeg","datePublished":"2020-05-31T18:14:08+00:00","dateModified":"2021-09-17T19:28:41+00:00","description":"The Paname\u00f1ita Vida M\u00eda hoops are inspired in our beloved hibiscus, turned into rings, with gold plating, and a center of crystals.","breadcrumb":{"@id":"https:\/\/www.shoptropicaledge.com\/en\/producto\/panamenita-vida-mia\/#breadcrumb"},"inLanguage":"en-US","potentialAction":[{"@type":"ReadAction","target":["https:\/\/www.shoptropicaledge.com\/en\/producto\/panamenita-vida-mia\/"]}]},{"@type":"ImageObject","inLanguage":"en-US","@id":"https:\/\/www.shoptropicaledge.com\/en\/producto\/panamenita-vida-mia\/#primaryimage","url":"https:\/\/www.shoptropicaledge.com\/wp-content\/uploads\/2020\/05\/DE0F24A4-371B-4248-8EFC-14EDA4FAD7CD.jpeg","contentUrl":"https:\/\/www.shoptropicaledge.com\/wp-content\/uploads\/2020\/05\/DE0F24A4-371B-4248-8EFC-14EDA4FAD7CD.jpeg","width":1200,"height":1238,"caption":"Aretes - Argollas - Hoop Earrings - Paname\u00f1ita Vida M\u00eda - Empapelarte - Lila"},{"@type":"BreadcrumbList","@id":"https:\/\/www.shoptropicaledge.com\/en\/producto\/panamenita-vida-mia\/#breadcrumb","itemListElement":[{"@type":"ListItem","position":1,"name":"Portada","item":"https:\/\/www.shoptropicaledge.com\/"},{"@type":"ListItem","position":2,"name":"Shop","item":"https:\/\/www.shoptropicaledge.com\/shop\/"},{"@type":"ListItem","position":3,"name":"Paname\u00f1ita Vida M\u00eda"}]},{"@type":"WebSite","@id":"https:\/\/www.shoptropicaledge.com\/#website","url":"https:\/\/www.shoptropicaledge.com\/","name":"Shop Tropical Edge","description":"Shop Tropical Edge","publisher":{"@id":"https:\/\/www.shoptropicaledge.com\/#organization"},"potentialAction":[{"@type":"SearchAction","target":{"@type":"EntryPoint","urlTemplate":"https:\/\/www.shoptropicaledge.com\/?s={search_term_string}"},"query-input":{"@type":"PropertyValueSpecification","valueRequired":true,"valueName":"search_term_string"}}],"inLanguage":"en-US"},{"@type":"Organization","@id":"https:\/\/www.shoptropicaledge.com\/#organization","name":"Shop Tropical Edge","url":"https:\/\/www.shoptropicaledge.com\/","logo":{"@type":"ImageObject","inLanguage":"en-US","@id":"https:\/\/www.shoptropicaledge.com\/#\/schema\/logo\/image\/","url":"https:\/\/www.shoptropicaledge.com\/wp-content\/uploads\/2021\/04\/60742238_407412220102023_6484826139314356224_n.png","contentUrl":"https:\/\/www.shoptropicaledge.com\/wp-content\/uploads\/2021\/04\/60742238_407412220102023_6484826139314356224_n.png","width":526,"height":646,"caption":"Shop Tropical Edge"},"image":{"@id":"https:\/\/www.shoptropicaledge.com\/#\/schema\/logo\/image\/"},"sameAs":["https:\/\/facebook.com\/shoptropicaledge","http:\/\/instagram.com\/shoptropicaledge\/","http:\/\/pinterest.com\/shoptropicaledge\/"]}]}},"_links":{"self":[{"href":"https:\/\/www.shoptropicaledge.com\/en\/wp-json\/wp\/v2\/product\/2037","targetHints":{"allow":["GET"]}}],"collection":[{"href":"https:\/\/www.shoptropicaledge.com\/en\/wp-json\/wp\/v2\/product"}],"about":[{"href":"https:\/\/www.shoptropicaledge.com\/en\/wp-json\/wp\/v2\/types\/product"}],"replies":[{"embeddable":true,"href":"https:\/\/www.shoptropicaledge.com\/en\/wp-json\/wp\/v2\/comments?post=2037"}],"wp:featuredmedia":[{"embeddable":true,"href":"https:\/\/www.shoptropicaledge.com\/en\/wp-json\/wp\/v2\/media\/4297"}],"wp:attachment":[{"href":"https:\/\/www.shoptropicaledge.com\/en\/wp-json\/wp\/v2\/media?parent=2037"}],"wp:term":[{"taxonomy":"product_brand","embeddable":true,"href":"https:\/\/www.shoptropicaledge.com\/en\/wp-json\/wp\/v2\/product_brand?post=2037"},{"taxonomy":"product_cat","embeddable":true,"href":"https:\/\/www.shoptropicaledge.com\/en\/wp-json\/wp\/v2\/product_cat?post=2037"},{"taxonomy":"product_tag","embeddable":true,"href":"https:\/\/www.shoptropicaledge.com\/en\/wp-json\/wp\/v2\/product_tag?post=2037"}],"curies":[{"name":"wp","href":"https:\/\/api.w.org\/{rel}","templated":true}]}}